{"id":191,"date":"2020-04-19T18:39:20","date_gmt":"2020-04-19T18:39:20","guid":{"rendered":"http:\/\/diegemeindeinberlin.de\/?page_id=191"},"modified":"2020-05-04T19:59:51","modified_gmt":"2020-05-04T19:59:51","slug":"unser-glaube","status":"publish","type":"page","link":"https:\/\/diegemeindeinberlin.de\/de\/unser-glaube\/","title":{"rendered":"Unser Glaube"},"content":{"rendered":"\n<p>Wir halten an dem christlichen Glauben fest, der allen christlichen Gl\u00e4ubigen gemeinsam ist (Tit. 1:4; Jud. 1:3). Unser Glaube setzt sich zusammen aus dem Glauben an die Bibel, Gott, Christus, den Geist, das Werk Christi, die Errettung und die Gemeinde:&nbsp;<\/p>\n\n\n\n<h3 class=\"wp-block-heading\">Bibel<\/h3>\n\n\n\n<p>Die Bibel ist die vollst\u00e4ndige g\u00f6ttliche Offenbarung, die von Gott Wort f\u00fcr Wort durch den Heiligen Geist eingegeben wurde (2.Petr. 1:21; 2.Tim 3:16).<\/p>\n\n\n\n<h3 class=\"wp-block-heading\">Gott<\/h3>\n\n\n\n<p>Gott ist einzig einer und dreieins &#8211; der Vater, der Sohn und der Geist &#8211; gleichzeitig existierend und ineinander wohnend von Ewigkeit zu Ewigkeit (1.Tim 2:5a; Mt. 28:19; Joh. 14:10).<\/p>\n\n\n\n<h3 class=\"wp-block-heading\">Christus<\/h3>\n\n\n\n<p>Christus war in der Ewigkeit Gott Selbst (Joh. 1:1) und wurde in der Zeit Mensch (V. 14). In Seinem Gottsein ist Er vollst\u00e4ndig und in Seinem Menschsein ist Er vollkommen. Daher ist Er sowohl Gott als auch Mensch (V. 20, 28; R\u00f6m. 9:5; Joh. 19:5; 1.Tim 2:5) und besitzt sowohl G\u00f6ttlichkeit als auch Menschlichkeit.\u00a0 Er ist der Sohn Gottes, ja Gott Selbst, der Fleisch geworden ist, um ein Mensch mit dem Namen Jesus, geboren von der Jungfrau Maria, zu sein, damit Er unser Erl\u00f6ser und Erretter sei (Mt. 1:21,23; Gal. 3:13; Tit. 1:4).\u00a0<\/p>\n\n\n\n<h3 class=\"wp-block-heading\">Der Geist<\/h3>\n\n\n\n<p>Nach der Auferstehung und in Seiner Auferstehung wurde der Herr zum pneumatischen Christus, der mit dem Geist identisch ist. Nun ist der Herr der Geist (2.Kor. 3:17), und Er ist zum Leben gebenden Geist geworden, der Leben gibt (1.Kor. 15:45b). Der Herr und der Geist sind eins, deshalb wird Er auch der Herr Geist genannt (2.Kor. 3:18).&nbsp; &nbsp;<\/p>\n\n\n\n<h3 class=\"wp-block-heading\">Das Werk Christi<\/h3>\n\n\n\n<p>In der Fleischwerdung wurde Christus zun\u00e4chst Mensch (Joh. 1:14), lebte ein echtes menschliches Leben auf der Erde und starb einen stellvertretenden und allumfassenden Tod am Kreuz f\u00fcr unsere S\u00fcnden, indem Er Sein Blut vergoss, um eine ewige Erl\u00f6sung f\u00fcr uns zu erlangen (1.Petr. 2:24; Eph. 1:7a; Offb. 5:9; R\u00f6m. 3:24; Heb. 9:12). Am dritten Tag ist Er leibhaftig von den Toten auferstanden (1.Kor 15:4). In Seiner Auferstehung ist Er zum Leben gebenden Geist geworden, um sich als unser Leben und unser Alles in uns hinein auszuteilen (Apg. 10:40; 1.Kor. 15:4; 1.Kor. 15:45b). Nach Seiner Auferstehung ist Christus zur Rechten Gottes aufgefahren, um der Herr aller zu sein (Apg. 1:9; Apg. 2:33; Apg. 2:36). Er ist jetzt in Herrlichkeit, v\u00f6llig Gott, aber auch v\u00f6llig Mensch.&nbsp; Nach Seiner Auffahrt hat Christus den Geist Gottes ausgegossen, um Seine auserw\u00e4hlten Glieder in einen Leib hineinzutaufen, und damit der Geist Gottes, der auch der Geist Christi ist, sich heute auf dieser Erde bewegt, um S\u00fcnder zu \u00fcberf\u00fchren, Gottes auserw\u00e4hltes Volk zu erneuern, in den Gliedern Christi f\u00fcr ihr Wachstum im Leben zu wohnen und den Leib Christi zu Seinem vollen Ausdruck aufzubauen (Apg. 1:8; 1.Kor. 12:13; R\u00f6m. 8:9; Joh. 16:8; Tit. 3:5; Eph. 4:16).&nbsp; Am Ende dieses Zeitalters wird Christus wiederkommen, um seine Glieder zu Sich zu nehmen, die Welt zu richten, die Erde in Besitz zu nehmen und Sein ewiges K\u00f6nigreich aufzurichten (1.Thess. 2:19).&nbsp; &nbsp;<\/p>\n\n\n\n<h3 class=\"wp-block-heading\">Errettung<\/h3>\n\n\n\n<p>Ein S\u00fcnder muss vor Gott Bu\u00dfe tun (Apg. 2:38; 26:20) und in den Herrn Jesus Christus hineinglauben (Joh. 3:16; Apg. 16:31) zur Vergebung der S\u00fcnden (10:43), zur Erl\u00f6sung (R\u00f6m. 3:24), zur Rechtfertigung (Apg. 13:39) und zur Wiedergeburt (Joh. 3:6), damit Er das ewige Leben habe (V. 36), um ein Kind Gottes (1:12) und ein Glied des Leibes Christi (1.Kor 12:27) zu werden. Das ist unsere Erl\u00f6sung durch Gott durch den Glauben (Eph. 2:4-9).<\/p>\n\n\n\n<p><\/p>\n\n\n\n<h3 class=\"wp-block-heading\">Die Gemeinde<\/h3>\n\n\n\n<p>Schlie\u00dflich glauben wir, dass Gott zur Erf\u00fcllung Seines Vorsatzes und zum Kundtun Seiner mannigfaltigen Weisheit die Gemeinde (Eph. 3:10) hervorgebracht hat, die der Leib Christi ist (Eph. 1:22-23; Kol. 1:24), der aus allen Menschen besteht, die in Christus hineinglauben, unabh\u00e4ngig von Zeit und Raum. Es ist Gottes Absicht, dass sich dieser mystische, universale Leib auf der Erde in Zeit und Raum praktisch als Ortsgemeinden manifestiert, von denen jede alle Gl\u00e4ubigen in einer bestimmten Stadt umfasst (Apg. 2:44; 8:1).&nbsp;<\/p>\n\n\n\n<p><\/p>\n","protected":false},"excerpt":{"rendered":"<p>Wir halten an dem christlichen Glauben fest, der allen christlichen Gl\u00e4ubigen gemeinsam ist (Tit. 1:4; Jud. 1:3). Unser Glaube setzt sich zusammen aus dem Glauben an die Bibel, Gott, Christus, den Geist, das Werk Christi, die Errettung und die Gemeinde:&nbsp; Bibel Die Bibel ist die vollst\u00e4ndige g\u00f6ttliche Offenbarung, die von Gott Wort f\u00fcr Wort durch [&hellip;]<\/p>\n","protected":false},"author":1,"featured_media":0,"parent":0,"menu_order":0,"comment_status":"closed","ping_status":"closed","template":"","meta":{"footnotes":""},"_links":{"self":[{"href":"https:\/\/diegemeindeinberlin.de\/de\/wp-json\/wp\/v2\/pages\/191"}],"collection":[{"href":"https:\/\/diegemeindeinberlin.de\/de\/wp-json\/wp\/v2\/pages"}],"about":[{"href":"https:\/\/diegemeindeinberlin.de\/de\/wp-json\/wp\/v2\/types\/page"}],"author":[{"embeddable":true,"href":"https:\/\/diegemeindeinberlin.de\/de\/wp-json\/wp\/v2\/users\/1"}],"replies":[{"embeddable":true,"href":"https:\/\/diegemeindeinberlin.de\/de\/wp-json\/wp\/v2\/comments?post=191"}],"version-history":[{"count":6,"href":"https:\/\/diegemeindeinberlin.de\/de\/wp-json\/wp\/v2\/pages\/191\/revisions"}],"predecessor-version":[{"id":407,"href":"https:\/\/diegemeindeinberlin.de\/de\/wp-json\/wp\/v2\/pages\/191\/revisions\/407"}],"wp:attachment":[{"href":"https:\/\/diegemeindeinberlin.de\/de\/wp-json\/wp\/v2\/media?parent=191"}],"curies":[{"name":"wp","href":"https:\/\/api.w.org\/{rel}","templated":true}]}}