{"id":314,"date":"2020-04-30T21:29:25","date_gmt":"2020-04-30T21:29:25","guid":{"rendered":"https:\/\/diegemeindeinberlin.de\/?page_id=314"},"modified":"2020-05-02T10:44:00","modified_gmt":"2020-05-02T10:44:00","slug":"unser-stand","status":"publish","type":"page","link":"https:\/\/diegemeindeinberlin.de\/de\/unser-stand\/","title":{"rendered":"Unser Stand"},"content":{"rendered":"\n<ul><li>Unser Stand ist nur die Heilige Schrift, nicht irgendeine traditionelle Auslegung, sondern das reine Wort Gottes.<\/li><\/ul>\n\n\n\n<ul><li>Unser Stand ist Christus, der lebendige Fels, der Grundstein, das Haupt des Leibes und das Leben, der Inhalt und die Wirklichkeit der Gemeinde.\u00a0<\/li><\/ul>\n\n\n\n<ul><li>Unser Stand ist die echte Einheit des Leibes Christi.\u00a0 Wir sind weder sektiererisch noch konfessionell noch nicht-konfessionell noch inter-konfessionell.\u00a0<\/li><\/ul>\n\n\n\n<ul><li>Unser Stand ist die Einheit aller Gl\u00e4ubigen an jedem Ort; wir erkennen alle durch das Blut erl\u00f6sten und durch den Geist erneuerten Gl\u00e4ubigen in Christus als Glieder der einen Gemeinde in jeder Stadt an und nehmen sie an.\u00a0 \u00a0<\/li><\/ul>\n","protected":false},"excerpt":{"rendered":"<p>Unser Stand ist nur die Heilige Schrift, nicht irgendeine traditionelle Auslegung, sondern das reine Wort Gottes. Unser Stand ist Christus, der lebendige Fels, der Grundstein, das Haupt des Leibes und das Leben, der Inhalt und die Wirklichkeit der Gemeinde.\u00a0 Unser Stand ist die echte Einheit des Leibes Christi.\u00a0 Wir sind weder sektiererisch noch konfessionell noch [&hellip;]<\/p>\n","protected":false},"author":1,"featured_media":0,"parent":0,"menu_order":0,"comment_status":"closed","ping_status":"closed","template":"","meta":{"footnotes":""},"_links":{"self":[{"href":"https:\/\/diegemeindeinberlin.de\/de\/wp-json\/wp\/v2\/pages\/314"}],"collection":[{"href":"https:\/\/diegemeindeinberlin.de\/de\/wp-json\/wp\/v2\/pages"}],"about":[{"href":"https:\/\/diegemeindeinberlin.de\/de\/wp-json\/wp\/v2\/types\/page"}],"author":[{"embeddable":true,"href":"https:\/\/diegemeindeinberlin.de\/de\/wp-json\/wp\/v2\/users\/1"}],"replies":[{"embeddable":true,"href":"https:\/\/diegemeindeinberlin.de\/de\/wp-json\/wp\/v2\/comments?post=314"}],"version-history":[{"count":3,"href":"https:\/\/diegemeindeinberlin.de\/de\/wp-json\/wp\/v2\/pages\/314\/revisions"}],"predecessor-version":[{"id":404,"href":"https:\/\/diegemeindeinberlin.de\/de\/wp-json\/wp\/v2\/pages\/314\/revisions\/404"}],"wp:attachment":[{"href":"https:\/\/diegemeindeinberlin.de\/de\/wp-json\/wp\/v2\/media?parent=314"}],"curies":[{"name":"wp","href":"https:\/\/api.w.org\/{rel}","templated":true}]}}