{"id":323,"date":"2020-04-30T21:34:14","date_gmt":"2020-04-30T21:34:14","guid":{"rendered":"https:\/\/diegemeindeinberlin.de\/?page_id=323"},"modified":"2020-05-02T10:43:36","modified_gmt":"2020-05-02T10:43:36","slug":"unser-auftrag-und-unsere-praxis","status":"publish","type":"page","link":"https:\/\/diegemeindeinberlin.de\/de\/unser-auftrag-und-unsere-praxis\/","title":{"rendered":"Unser Auftrag und Unsere Praxis"},"content":{"rendered":"\n<ul><li>Den S\u00fcndern das Evangelium der Gnade und des K\u00f6nigreichs zu predigen, damit sie errettet werden;\u00a0<\/li><\/ul>\n\n\n\n<ul><li>Christus als das g\u00f6ttliche Leben den Gl\u00e4ubigen darzureichen, damit sie in Christus wachsen k\u00f6nnen, damit Christus in allen Dingen ihres Lebens den Vorrang hat und damit Er die zentrale und universale Stellung unseres pers\u00f6nlichen Christenlebens und unseres gemeindlichen Lebens sein wird, damit Gott zum Ausdruck kommt und verherrlicht wird;<\/li><\/ul>\n\n\n\n<ul><li>die Ortsgemeinde in jeder Stadt zu gr\u00fcnden, dass die Gl\u00e4ubigen zu einem lokalen gemeinsamen Ausdruck Christi in Praktikabilit\u00e4t werden k\u00f6nnen;<\/li><\/ul>\n\n\n\n<ul><li>das lebendige und reiche Wort Gottes aus der Heiligen Schrift freizusetzen, damit die Gl\u00e4ubigen gen\u00e4hrt werden und zur v\u00f6lligen Erkenntnis der Wahrheit gelangen und zur Reife heranwachsen k\u00f6nnen, gef\u00fcllt zum Ma\u00dfe des Wuchses der F\u00fclle Christ;<\/li><\/ul>\n\n\n\n<ul><li>sich auf dem einzigartigen Grund der Einheit in der gegebenen \u00d6rtlichkeit\/Stadt als Gemeinde Gottes zu versammeln und Gemeinschaft mit allen anderen wahren Gl\u00e4ubigen in Christus auf lokaler und universaler Ebene zu suchen;<\/li><\/ul>\n\n\n\n<ul><li>die biblische Wahrheit und normale gemeindliche Lebenspraxis wiederzugewinnen, die in den vergangenen Jahrhunderten f\u00fcr die Aus\u00fcbung von Gottes neutestamentlichem Dienst verloren gegangen waren;<\/li><\/ul>\n\n\n\n<ul><li>die Gemeinde als den Leib Christi aufzubauen, damit die Braut auf die Wiederkunft unseres Herrn Jesus Christus als Br\u00e4utigam vorbereitet werden kann.<\/li><\/ul>\n","protected":false},"excerpt":{"rendered":"<p>Den S\u00fcndern das Evangelium der Gnade und des K\u00f6nigreichs zu predigen, damit sie errettet werden;\u00a0 Christus als das g\u00f6ttliche Leben den Gl\u00e4ubigen darzureichen, damit sie in Christus wachsen k\u00f6nnen, damit Christus in allen Dingen ihres Lebens den Vorrang hat und damit Er die zentrale und universale Stellung unseres pers\u00f6nlichen Christenlebens und unseres gemeindlichen Lebens sein [&hellip;]<\/p>\n","protected":false},"author":1,"featured_media":0,"parent":0,"menu_order":0,"comment_status":"closed","ping_status":"closed","template":"","meta":{"footnotes":""},"_links":{"self":[{"href":"https:\/\/diegemeindeinberlin.de\/de\/wp-json\/wp\/v2\/pages\/323"}],"collection":[{"href":"https:\/\/diegemeindeinberlin.de\/de\/wp-json\/wp\/v2\/pages"}],"about":[{"href":"https:\/\/diegemeindeinberlin.de\/de\/wp-json\/wp\/v2\/types\/page"}],"author":[{"embeddable":true,"href":"https:\/\/diegemeindeinberlin.de\/de\/wp-json\/wp\/v2\/users\/1"}],"replies":[{"embeddable":true,"href":"https:\/\/diegemeindeinberlin.de\/de\/wp-json\/wp\/v2\/comments?post=323"}],"version-history":[{"count":2,"href":"https:\/\/diegemeindeinberlin.de\/de\/wp-json\/wp\/v2\/pages\/323\/revisions"}],"predecessor-version":[{"id":403,"href":"https:\/\/diegemeindeinberlin.de\/de\/wp-json\/wp\/v2\/pages\/323\/revisions\/403"}],"wp:attachment":[{"href":"https:\/\/diegemeindeinberlin.de\/de\/wp-json\/wp\/v2\/media?parent=323"}],"curies":[{"name":"wp","href":"https:\/\/api.w.org\/{rel}","templated":true}]}}