{"id":28,"date":"2020-04-18T21:44:39","date_gmt":"2020-04-18T21:44:39","guid":{"rendered":"http:\/\/167.172.99.154:8000\/?page_id=28"},"modified":"2023-08-30T06:34:24","modified_gmt":"2023-08-30T06:34:24","slug":"colibri-wp","status":"publish","type":"page","link":"https:\/\/diegemeindeinberlin.de\/en\/","title":{"rendered":"Home"},"content":{"rendered":"<div data-colibri-id=\"28-c1\" class=\"style-183 style-local-28-c1 position-relative\">\n  <!---->\n  <div data-colibri-component=\"section\" data-colibri-id=\"28-c2\" id=\"unser-glauben\" class=\"h-section h-section-global-spacing d-flex align-items-lg-center align-items-md-center align-items-center style-208 style-local-28-c2 position-relative\">\n    <!---->\n    <!---->\n    <div class=\"h-section-grid-container h-section-boxed-container\">\n      <!---->\n      <div data-colibri-id=\"28-c3\" class=\"h-row-container gutters-row-lg-2 gutters-row-md-2 gutters-row-0 gutters-row-v-lg-2 gutters-row-v-md-2 gutters-row-v-2 style-209 style-local-28-c3 position-relative\">\n        <!---->\n        <div class=\"h-row justify-content-lg-center justify-content-md-center justify-content-center align-items-lg-stretch align-items-md-stretch align-items-stretch gutters-col-lg-2 gutters-col-md-2 gutters-col-0 gutters-col-v-lg-2 gutters-col-v-md-2 gutters-col-v-2\">\n          <!---->\n          <div class=\"h-column h-column-container d-flex h-col-lg-auto h-col-md-auto h-col-auto style-210-outer style-local-28-c4-outer\">\n            <div data-colibri-id=\"28-c4\" class=\"d-flex h-flex-basis h-column__inner h-ui-empty-state-container h-px-lg-2 h-px-md-2 h-px-2 v-inner-lg-2 v-inner-md-2 v-inner-2 style-210 style-local-28-c4 position-relative\">\n              <!---->\n              <!---->\n              <div class=\"w-100 h-y-container h-column__content h-column__v-align flex-basis-100\">\n                <!---->\n              <\/div>\n            <\/div>\n          <\/div>\n          <div class=\"h-column h-column-container d-flex h-col-lg-auto h-col-md-auto h-col-auto style-211-outer style-local-28-c5-outer\">\n            <div data-colibri-id=\"28-c5\" class=\"d-flex h-flex-basis h-column__inner h-px-lg-2 h-px-md-2 h-px-2 v-inner-lg-2 v-inner-md-2 v-inner-2 style-211 style-local-28-c5 position-relative\">\n              <!---->\n              <!---->\n              <div class=\"w-100 h-y-container h-column__content h-column__v-align flex-basis-100 align-self-lg-start align-self-md-start align-self-start\">\n                <!---->\n                <div data-colibri-id=\"28-c6\" class=\"h-global-transition-all h-heading style-213 style-local-28-c6 position-relative h-element\">\n                  <!---->\n                  <div class=\"h-heading__outer style-213 style-local-28-c6\">\n                    <!---->\n                    <!---->\n                    <h2 class=\"\"><strong>OUR BELIEFS<\/strong><\/h2>\n                  <\/div>\n                <\/div>\n                <div data-colibri-id=\"28-c7\" class=\"h-text h-text-component style-214 style-local-28-c7 position-relative h-element\">\n                  <!---->\n                  <!---->\n                  <div class=\"\">\n                    <p>We hold the Christian faith, which is common to all Christian believers (Titus 1:4; Jude 1:3). Our faith is composed of the beliefs concerning the Bible, God, Christ, the Spirit, the work of Christ, salvation, and the church:<\/p>\n                  <\/div>\n                <\/div>\n                <div data-colibri-id=\"28-c8\" class=\"h-x-container style-224 style-local-28-c8 position-relative h-element\">\n                  <!---->\n                  <div class=\"h-x-container-inner style-dynamic-28-c8-group style-224-spacing style-local-28-c8-spacing\"><span class=\"h-button__outer style-225-outer style-local-28-c9-outer d-inline-flex h-element\"><a h-use-smooth-scroll=\"true\" href=\"https:\/\/diegemeindeinberlin.de\/en\/unser-glaube\/\"  data-colibri-id=\"28-c9\" class=\"d-flex w-100 align-items-center h-button justify-content-lg-center justify-content-md-center justify-content-center style-225 style-local-28-c9 position-relative\"><!----><!----> <span>More<\/span><\/a>\n                    <\/span>\n                  <\/div>\n                <\/div>\n              <\/div>\n            <\/div>\n          <\/div>\n          <div class=\"h-column h-column-container d-flex h-col-lg-auto h-col-md-auto h-col-auto style-212-outer style-local-28-c10-outer\">\n            <div data-colibri-id=\"28-c10\" class=\"d-flex h-flex-basis h-column__inner h-ui-empty-state-container h-px-lg-2 h-px-md-2 h-px-2 v-inner-lg-2 v-inner-md-2 v-inner-2 style-212 style-local-28-c10 position-relative\">\n              <!---->\n              <!---->\n              <div class=\"w-100 h-y-container h-column__content h-column__v-align flex-basis-100\">\n                <!---->\n              <\/div>\n            <\/div>\n          <\/div>\n        <\/div>\n      <\/div>\n    <\/div>\n  <\/div>\n  <div data-colibri-component=\"section\" data-colibri-id=\"28-c11\" id=\"name-stand-practice\" class=\"h-section h-section-global-spacing d-flex align-items-lg-center align-items-md-center align-items-center style-255 style-local-28-c11 position-relative\">\n    <!---->\n    <!---->\n    <div class=\"h-section-grid-container h-section-boxed-container\">\n      <!---->\n      <div data-colibri-id=\"28-c12\" class=\"h-row-container gutters-row-lg-0 gutters-row-md-0 gutters-row-2 gutters-row-v-lg-0 gutters-row-v-md-0 gutters-row-v-2 style-256 style-local-28-c12 position-relative\">\n        <!---->\n        <div class=\"h-row justify-content-lg-center justify-content-md-center justify-content-center align-items-lg-stretch align-items-md-stretch align-items-stretch gutters-col-lg-0 gutters-col-md-0 gutters-col-2 gutters-col-v-lg-0 gutters-col-v-md-0 gutters-col-v-2\">\n          <!---->\n          <div class=\"h-column h-column-container d-flex h-col-lg-4 h-col-md-4 h-col-12 style-257-outer style-local-28-c13-outer\">\n            <div data-colibri-id=\"28-c13\" class=\"d-flex h-flex-basis h-column__inner h-px-lg-3 h-px-md-3 h-px-2 v-inner-lg-3 v-inner-md-3 v-inner-2 style-257 style-local-28-c13 position-relative\">\n              <!---->\n              <!---->\n              <div class=\"w-100 h-y-container h-column__content h-column__v-align flex-basis-100 align-self-lg-start align-self-md-start align-self-start\">\n                <!---->\n                <div data-colibri-id=\"28-c14\" class=\"h-icon style-258 style-local-28-c14 position-relative h-element\">\n                  <!----><span class=\"h-svg-icon h-icon__icon style-258-icon style-local-28-c14-icon\"><!--Icon by Font Awesome (https:\/\/fontawesome.com)-->\n    <svg version=\"1.1\" xmlns=\"http:\/\/www.w3.org\/2000\/svg\" xmlns:xlink=\"http:\/\/www.w3.org\/1999\/xlink\" id=\"user\" viewbox=\"0 0 1354.8114 1896.0833\">\n      <path d=\"M1280 1399q0 109-62.5 187t-150.5 78H213q-88 0-150.5-78T0 1399q0-85 8.5-160.5t31.5-152 58.5-131 94-89T327 832q131 128 313 128t313-128q76 0 134.5 34.5t94 89 58.5 131 31.5 152 8.5 160.5zm-256-887q0 159-112.5 271.5T640 896 368.5 783.5 256 512t112.5-271.5T640 128t271.5 112.5T1024 512z\"><\/path>\n    <\/svg><\/span><\/div>\n                <div data-colibri-id=\"28-c15\" class=\"h-global-transition-all h-heading style-259 style-local-28-c15 position-relative h-element\">\n                  <!---->\n                  <div class=\"h-heading__outer style-259 style-local-28-c15\">\n                    <!---->\n                    <!---->\n                    <h5 class=\"\">Our Name<\/h5>\n                  <\/div>\n                <\/div>\n                <div data-colibri-id=\"28-c16\" class=\"h-text h-text-component style-260 style-local-28-c16 position-relative h-element\">\n                  <!---->\n                  <!---->\n                  <div class=\"\">\n                    <p>\u201eDie Gemeinde in Berlin&#8220; ist nicht unser Name; es ist nur eine Beschreibung, die darauf hinweist, dass wir uns als Gl\u00e4ubige in der Stadt Berlin versammeln und alle wahren Gl\u00e4ubigen an Jesus Christus empfangen. Dies entspricht dem Muster\n                      des Neuen Testaments (Apg. 8:1; 13:1; R\u00f6m. 16:1). Wir sind jedoch als die Gemeinde in Berlin mit \u201eDie Gemeinde in Berlin e.V.\u201c angemeldet, um die rechtlichen Anforderungen zu erf\u00fcllen.<\/p>\n                  <\/div>\n                <\/div>\n                <div data-colibri-id=\"28-c17\" class=\"h-x-container style-261 style-local-28-c17 position-relative h-element\">\n                  <!---->\n                  <div class=\"h-x-container-inner style-dynamic-28-c17-group style-261-spacing style-local-28-c17-spacing\"><span class=\"h-link__outer style-262-outer style-local-28-c18-outer d-inline-flex h-element\"><a h-use-smooth-scroll=\"true\" href=\"https:\/\/diegemeindeinberlin.de\/en\/ueber-uns\/\"  data-colibri-id=\"28-c18\" class=\"d-flex w-100 align-items-center h-link style-262 style-local-28-c18 position-relative\"><!----><!----> <span>Read more<\/span>                    <span class=\"h-svg-icon h-link__icon style-262-icon style-local-28-c18-icon\"><!--Icon by Icons8 Line Awesome (https:\/\/icons8.com\/line-awesome)--><svg version=\"1.1\" xmlns=\"http:\/\/www.w3.org\/2000\/svg\" xmlns:xlink=\"http:\/\/www.w3.org\/1999\/xlink\" id=\"angle-double-right\" viewbox=\"0 0 512 545.5\"><path d=\"M145.5 108.5l168 168L325 288l-11.5 11.5-168 168-22.5-23L279.5 288 123 131.5zm112 0l168 168L437 288l-11.5 11.5-168 168-22.5-23L391.5 288 235 131.5z\"><\/path><\/svg><\/span><\/a>\n                    <\/span>\n                  <\/div>\n                <\/div>\n              <\/div>\n            <\/div>\n          <\/div>\n          <div class=\"h-column h-column-container d-flex h-col-lg-4 h-col-md-4 h-col-12 style-257-outer style-local-28-c19-outer\">\n            <div data-colibri-id=\"28-c19\" class=\"d-flex h-flex-basis h-column__inner h-px-lg-3 h-px-md-3 h-px-2 v-inner-lg-3 v-inner-md-3 v-inner-2 style-257 style-local-28-c19 position-relative\">\n              <!---->\n              <!---->\n              <div class=\"w-100 h-y-container h-column__content h-column__v-align flex-basis-100 align-self-lg-start align-self-md-start align-self-start\">\n                <!---->\n                <div data-colibri-id=\"28-c20\" class=\"h-icon style-258 style-local-28-c20 position-relative h-element\">\n                  <!----><span class=\"h-svg-icon h-icon__icon style-258-icon style-local-28-c20-icon\"><!--Icon by Font Awesome (https:\/\/fontawesome.com)-->\n    <svg version=\"1.1\" xmlns=\"http:\/\/www.w3.org\/2000\/svg\" xmlns:xlink=\"http:\/\/www.w3.org\/1999\/xlink\" id=\"home\" viewbox=\"0 0 1664 1896.0833\">\n      <path d=\"M1408 992v480q0 26-19 45t-45 19H960v-384H704v384H320q-26 0-45-19t-19-45V992q0-1 .5-3t.5-3l575-474 575 474q1 2 1 6zm223-69l-62 74q-8 9-21 11h-3q-13 0-21-7L832 424l-692 577q-12 8-24 7-13-2-21-11l-62-74q-8-10-7-23.5T37 878l719-599q32-26 76-26t76 26l244 204V288q0-14 9-23t23-9h192q14 0 23 9t9 23v408l219 182q10 8 11 21.5t-7 23.5z\"><\/path>\n    <\/svg><\/span><\/div>\n                <div data-colibri-id=\"28-c21\" class=\"h-global-transition-all h-heading style-259 style-local-28-c21 position-relative h-element\">\n                  <!---->\n                  <div class=\"h-heading__outer style-259 style-local-28-c21\">\n                    <!---->\n                    <!---->\n                    <h5 class=\"\">Our Standing<\/h5>\n                  <\/div>\n                <\/div>\n                <div data-colibri-id=\"28-c22\" class=\"h-text h-text-component style-260 style-local-28-c22 position-relative h-element\">\n                  <!---->\n                  <!---->\n                  <div class=\"\">\n                    <p>We stand only on the Holy Scriptures, not according to any traditional interpretation, but according to the pure Word of God.<\/p>\n                    <p>We stand on Christ, the living rock, the foundation stone, the Head of the Body, and the life, content, and reality of the church.<\/p>\n                    <p>We stand on the genuine oneness of the Body of Christ. We are not sectarian, nor denominational, nor non-denominational, nor inter-denominational.<\/p>\n                  <\/div>\n                <\/div>\n                <div data-colibri-id=\"28-c23\" class=\"h-x-container style-261 style-local-28-c23 position-relative h-element\">\n                  <!---->\n                  <div class=\"h-x-container-inner style-dynamic-28-c23-group style-261-spacing style-local-28-c23-spacing\"><span class=\"h-link__outer style-262-outer style-local-28-c24-outer d-inline-flex h-element\"><a h-use-smooth-scroll=\"true\" href=\"https:\/\/diegemeindeinberlin.de\/en\/unser-stand\/\"  data-colibri-id=\"28-c24\" class=\"d-flex w-100 align-items-center h-link style-262 style-local-28-c24 position-relative\"><!----><!----> <span>Read more<\/span>                    <span class=\"h-svg-icon h-link__icon style-262-icon style-local-28-c24-icon\"><!--Icon by Icons8 Line Awesome (https:\/\/icons8.com\/line-awesome)--><svg version=\"1.1\" xmlns=\"http:\/\/www.w3.org\/2000\/svg\" xmlns:xlink=\"http:\/\/www.w3.org\/1999\/xlink\" id=\"angle-double-right\" viewbox=\"0 0 512 545.5\"><path d=\"M145.5 108.5l168 168L325 288l-11.5 11.5-168 168-22.5-23L279.5 288 123 131.5zm112 0l168 168L437 288l-11.5 11.5-168 168-22.5-23L391.5 288 235 131.5z\"><\/path><\/svg><\/span><\/a>\n                    <\/span>\n                  <\/div>\n                <\/div>\n              <\/div>\n            <\/div>\n          <\/div>\n          <div class=\"h-column h-column-container d-flex h-col-lg-4 h-col-md-4 h-col-12 style-257-outer style-local-28-c25-outer\">\n            <div data-colibri-id=\"28-c25\" class=\"d-flex h-flex-basis h-column__inner h-px-lg-3 h-px-md-3 h-px-2 v-inner-lg-3 v-inner-md-3 v-inner-2 style-257 style-local-28-c25 position-relative\">\n              <!---->\n              <!---->\n              <div class=\"w-100 h-y-container h-column__content h-column__v-align flex-basis-100 align-self-lg-start align-self-md-start align-self-start\">\n                <!---->\n                <div data-colibri-id=\"28-c26\" class=\"h-icon style-258 style-local-28-c26 position-relative h-element\">\n                  <!----><span class=\"h-svg-icon h-icon__icon style-258-icon style-local-28-c26-icon\"><!--Icon by Font Awesome (https:\/\/fontawesome.com)-->\n    <svg version=\"1.1\" xmlns=\"http:\/\/www.w3.org\/2000\/svg\" xmlns:xlink=\"http:\/\/www.w3.org\/1999\/xlink\" id=\"book\" viewbox=\"0 0 1664 1896.0833\">\n      <path d=\"M1639 478q40 57 18 129l-275 906q-19 64-76.5 107.5T1183 1664H260q-77 0-148.5-53.5T12 1479q-24-67-2-127 0-4 3-27t4-37q1-8-3-21.5t-3-19.5q2-11 8-21t16.5-23.5T52 1179q23-38 45-91.5t30-91.5q3-10 .5-30t-.5-28q3-11 17-28t17-23q21-36 42-92t25-90q1-9-2.5-32t.5-28q4-13 22-30.5t22-22.5q19-26 42.5-84.5T340 411q1-8-3-25.5t-2-26.5q2-8 9-18t18-23 17-21q8-12 16.5-30.5t15-35 16-36 19.5-32 26.5-23.5 36-11.5T556 134l-1 3q38-9 51-9h761q74 0 114 56t18 130l-274 906q-36 119-71.5 153.5T1025 1408H156q-27 0-38 15-11 16-1 43 24 70 144 70h923q29 0 56-15.5t35-41.5l300-987q7-22 5-57 38 15 59 43zm-1064 2q-4 13 2 22.5t20 9.5h608q13 0 25.5-9.5T1247 480l21-64q4-13-2-22.5t-20-9.5H638q-13 0-25.5 9.5T596 416zm-83 256q-4 13 2 22.5t20 9.5h608q13 0 25.5-9.5T1164 736l21-64q4-13-2-22.5t-20-9.5H555q-13 0-25.5 9.5T513 672z\"><\/path>\n    <\/svg><\/span><\/div>\n                <div data-colibri-id=\"28-c27\" class=\"h-global-transition-all h-heading style-259 style-local-28-c27 position-relative h-element\">\n                  <!---->\n                  <div class=\"h-heading__outer style-259 style-local-28-c27\">\n                    <!---->\n                    <!---->\n                    <h5 class=\"\">OUR MISSION AND PRACTICE<\/h5>\n                  <\/div>\n                <\/div>\n                <div data-colibri-id=\"28-c28\" class=\"h-text h-text-component style-260 style-local-28-c28 position-relative h-element\">\n                  <!---->\n                  <!---->\n                  <div class=\"\">\n                    <p>To preach the gospel of grace and of the kingdom to sinners that they may be saved.<\/p>\n                    <p>Christus als das g\u00f6ttliche Leben den Gl\u00e4ubigen darzureichen, damit sie in Christus wachsen k\u00f6nnen, damit Christus in allen Dingen ihres Lebens den Vorrang hat und damit Er die zentrale und universale Stellung unseres pers\u00f6nlichen Christenlebens\n                      und unseres gemeindlichen Lebens sein wird, damit Gott zum Ausdruck kommt und verherrlicht wird;<\/p>\n                  <\/div>\n                <\/div>\n                <div data-colibri-id=\"28-c29\" class=\"h-x-container style-261 style-local-28-c29 position-relative h-element\">\n                  <!---->\n                  <div class=\"h-x-container-inner style-dynamic-28-c29-group style-261-spacing style-local-28-c29-spacing\"><span class=\"h-link__outer style-262-outer style-local-28-c30-outer d-inline-flex h-element\"><a h-use-smooth-scroll=\"true\" href=\"https:\/\/diegemeindeinberlin.de\/en\/unser-auftrag-und-unsere-praxis\/\"  data-colibri-id=\"28-c30\" class=\"d-flex w-100 align-items-center h-link style-262 style-local-28-c30 position-relative\"><!----><!----> <span>Read more<\/span>                    <span class=\"h-svg-icon h-link__icon style-262-icon style-local-28-c30-icon\"><!--Icon by Icons8 Line Awesome (https:\/\/icons8.com\/line-awesome)--><svg version=\"1.1\" xmlns=\"http:\/\/www.w3.org\/2000\/svg\" xmlns:xlink=\"http:\/\/www.w3.org\/1999\/xlink\" id=\"angle-double-right\" viewbox=\"0 0 512 545.5\"><path d=\"M145.5 108.5l168 168L325 288l-11.5 11.5-168 168-22.5-23L279.5 288 123 131.5zm112 0l168 168L437 288l-11.5 11.5-168 168-22.5-23L391.5 288 235 131.5z\"><\/path><\/svg><\/span><\/a>\n                    <\/span>\n                  <\/div>\n                <\/div>\n              <\/div>\n            <\/div>\n          <\/div>\n        <\/div>\n      <\/div>\n    <\/div>\n  <\/div>\n  <div data-colibri-component=\"section\" data-colibri-id=\"28-c31\" id=\"gebetslasten\" class=\"h-section h-section-global-spacing d-flex align-items-lg-center align-items-md-center align-items-center style-302 style-local-28-c31 position-relative\">\n    <!---->\n    <!---->\n    <div class=\"h-section-grid-container h-section-boxed-container\">\n      <!---->\n      <div data-colibri-id=\"28-c32\" class=\"h-row-container gutters-row-lg-2 gutters-row-md-2 gutters-row-0 gutters-row-v-lg-2 gutters-row-v-md-2 gutters-row-v-2 style-303 style-local-28-c32 position-relative\">\n        <!---->\n        <div class=\"h-row justify-content-lg-center justify-content-md-center justify-content-center align-items-lg-stretch align-items-md-stretch align-items-stretch gutters-col-lg-2 gutters-col-md-2 gutters-col-0 gutters-col-v-lg-2 gutters-col-v-md-2 gutters-col-v-2\">\n          <!---->\n          <div class=\"h-column h-column-container d-flex h-col-lg h-col-md h-col-auto style-304-outer style-local-28-c33-outer\">\n            <div data-colibri-id=\"28-c33\" class=\"d-flex h-flex-basis h-column__inner h-px-lg-0 h-px-md-0 h-px-2 v-inner-lg-0 v-inner-md-0 v-inner-2 style-304 style-local-28-c33 position-relative\">\n              <!---->\n              <!---->\n              <div class=\"w-100 h-y-container h-column__content h-column__v-align flex-basis-100 align-self-lg-center align-self-md-center align-self-center\">\n                <!---->\n                <div data-colibri-id=\"28-c34\" class=\"h-global-transition-all h-heading style-305 style-local-28-c34 position-relative h-element\">\n                  <!---->\n                  <div class=\"h-heading__outer style-305 style-local-28-c34\">\n                    <!---->\n                    <!---->\n                    <h2 class=\"\">Prayer burden for the Church in Berlin<\/h2>\n                  <\/div>\n                <\/div>\n              <\/div>\n            <\/div>\n          <\/div>\n          <div class=\"h-column h-column-container d-flex h-col-lg-auto h-col-md-auto h-col-auto style-306-outer style-local-28-c35-outer\">\n            <div data-colibri-id=\"28-c35\" class=\"d-flex h-flex-basis h-column__inner h-px-lg-0 h-px-md-0 h-px-2 v-inner-lg-0 v-inner-md-0 v-inner-2 style-306 style-local-28-c35 position-relative\">\n              <!---->\n              <!---->\n              <div class=\"w-100 h-y-container h-column__content h-column__v-align flex-basis-auto align-self-lg-center align-self-md-center align-self-center\">\n                <!---->\n                <div data-colibri-id=\"28-c36\" class=\"h-x-container style-307 style-local-28-c36 position-relative h-element\">\n                  <!---->\n                  <div class=\"h-x-container-inner style-dynamic-28-c36-group style-307-spacing style-local-28-c36-spacing\"><span class=\"h-button__outer style-308-outer style-local-28-c37-outer d-inline-flex h-element\"><a h-use-smooth-scroll=\"true\" href=\"https:\/\/diegemeindeinberlin.de\/en\/gebetslasten\/\"  data-colibri-id=\"28-c37\" class=\"d-flex w-100 align-items-center h-button justify-content-lg-center justify-content-md-center justify-content-center style-308 style-local-28-c37 position-relative\"><!----><!----> <span>More<\/span><\/a>\n                    <\/span>\n                  <\/div>\n                <\/div>\n              <\/div>\n            <\/div>\n          <\/div>\n        <\/div>\n      <\/div>\n    <\/div>\n  <\/div>\n<\/div>","protected":false},"excerpt":{"rendered":"<p>UNSER GLAUBE Wir halten an dem christlichen Glauben fest, der allen christlichen Gl\u00e4ubigen gemeinsam ist (Tit. 1:4; Jud. 1:3). Unser Glaube setzt sich zusammen aus dem Glauben an die Bibel, Gott, Christus, den Geist, das Werk Christi, die Errettung und die Gemeinde Mehr UNSER NAME \u201eDie Gemeinde in Berlin&#8220; ist nicht unser Name; es ist [&hellip;]<\/p>","protected":false},"author":1,"featured_media":0,"parent":0,"menu_order":0,"comment_status":"closed","ping_status":"closed","template":"page-templates\/homepage.php","meta":{"footnotes":""},"_links":{"self":[{"href":"https:\/\/diegemeindeinberlin.de\/en\/wp-json\/wp\/v2\/pages\/28"}],"collection":[{"href":"https:\/\/diegemeindeinberlin.de\/en\/wp-json\/wp\/v2\/pages"}],"about":[{"href":"https:\/\/diegemeindeinberlin.de\/en\/wp-json\/wp\/v2\/types\/page"}],"author":[{"embeddable":true,"href":"https:\/\/diegemeindeinberlin.de\/en\/wp-json\/wp\/v2\/users\/1"}],"replies":[{"embeddable":true,"href":"https:\/\/diegemeindeinberlin.de\/en\/wp-json\/wp\/v2\/comments?post=28"}],"version-history":[{"count":20,"href":"https:\/\/diegemeindeinberlin.de\/en\/wp-json\/wp\/v2\/pages\/28\/revisions"}],"predecessor-version":[{"id":1024,"href":"https:\/\/diegemeindeinberlin.de\/en\/wp-json\/wp\/v2\/pages\/28\/revisions\/1024"}],"wp:attachment":[{"href":"https:\/\/diegemeindeinberlin.de\/en\/wp-json\/wp\/v2\/media?parent=28"}],"curies":[{"name":"wp","href":"https:\/\/api.w.org\/{rel}","templated":true}]}}